{"id":11206,"date":"2024-03-18T15:12:56","date_gmt":"2024-03-18T15:12:56","guid":{"rendered":"https:\/\/ortodonciabarcelona.com\/?page_id=11206"},"modified":"2024-03-19T11:44:35","modified_gmt":"2024-03-19T11:44:35","slug":"accessibilitat","status":"publish","type":"page","link":"https:\/\/ortodonciabarcelona.com\/ca\/accessibilitat\/","title":{"rendered":"Accessibilitat"},"content":{"rendered":"<h2 class=\"\" data-fontsize=\"41\" data-lineheight=\"40.18px\"><strong>Declaraci\u00f3 d\u2019Accessibilitat<\/strong><\/h2>\n<p>Ortodoncia Tres Torres, S.L.P. Reial decret 1112\/2018, de 7 de setembre, sobre accessibilitat dels llocs web i aplicacions per a dispositius m\u00f2bils, publicat en el Butllet\u00ed Oficial de l\u2019Estat a data 19 de setembre de 2018. Aquest Reial decret transposa la Directiva (UE) 2016\/2102 del Parlament Europeu i del Consell.<br \/>\nLa Directiva Europea es basa en la norma EN 301 549 \u201cRequisits d\u2019accessibilitat de productes i serveis TIC\u201d i aquesta, al seu torn, \u00e9s una adaptaci\u00f3 de les Pautes d\u2019Accessibilitat per al Contingut Web (WCAG 2.1) del W3C.<\/p>\n<p>La present declaraci\u00f3 d\u2019accessibilitat s\u2019aplica parcialment al lloc web <a href=\"https:\/\/ortodonciabarcelona.com\/ca\/\">https:\/\/ortodonciabarcelona.com\/ca\/<\/a><\/p>\n<h2 class=\"\" data-fontsize=\"41\" data-lineheight=\"40.18px\"><strong>Situaci\u00f3 de compliment<\/strong><\/h2>\n<p>Aquest lloc web \u00e9s parcialment conforme amb el Reial decret 1112\/2018.<\/p>\n<h2 class=\"\" data-fontsize=\"41\" data-lineheight=\"40.18px\"><strong>Preparaci\u00f3 de la present declaraci\u00f3 d\u2019accessibilitat<\/strong><\/h2>\n<p>La present declaraci\u00f3 va ser preparada el 18 de mar\u00e7 de 2024.<\/p>\n<p>El m\u00e8tode emprat per a preparar la declaraci\u00f3 ha estat una autoavaluaci\u00f3 duta a terme per Ortodoncia Tres Torres, S.L.P.<\/p>\n<p>\u00daltima revisi\u00f3 de la declaraci\u00f3: 18 de mar\u00e7 de 2024.<\/p>\n<h2 class=\"\" data-fontsize=\"41\" data-lineheight=\"40.18px\"><strong>Observacions i dades de contacte<\/strong><\/h2>\n<p>Pot realitzar comunicacions sobre requisits d\u2019accessibilitat (article 10.2.a) del RD 1112\/2018) es podr\u00e0 presentar a trav\u00e9s del seg\u00fcent correu electr\u00f2nic:<\/p>\n<p>info@ortodonciatrestorres.com<\/p>\n<p>Les comunicacions, queixes i sol\u00b7licituds d\u2019informaci\u00f3 accessible a trav\u00e9s d\u2019aquest formulari seran rebudes i tractades per <a href=\"https:\/\/ortodonciabarcelona.com\/ca\/\">https:\/\/ortodonciabarcelona.com\/ca\/<\/a><\/p>\n<h2 class=\"\" data-fontsize=\"41\" data-lineheight=\"40.18px\"><strong>Procediment d\u2019aplicaci\u00f3<\/strong><\/h2>\n<p>El procediment de reclamaci\u00f3 \u00e9s el recollit en l\u2019article 13 del Reial decret 1112\/2018 entrar\u00e0 en vigor el 20 de setembre de 2020.<\/p>\n<p>Si una vegada realitzada una sol\u00b7licitud d\u2019informaci\u00f3 accessible o queixa, aquesta hagu\u00e9s estat desestimada, no s\u2019estigu\u00e9s d\u2019acord amb la decisi\u00f3 adoptada, o la resposta no compl\u00eds els requisits contemplats en l\u2019article 12.5, la persona interessada podr\u00e0 iniciar una reclamaci\u00f3. Igualment es podr\u00e0 iniciar una reclamaci\u00f3 en el cas que hagi transcorregut el termini de vint dies h\u00e0bils sense haver obtingut resposta.<\/p>\n<h2 class=\"\" data-fontsize=\"41\" data-lineheight=\"40.18px\"><strong>Contingut opcional<\/strong><\/h2>\n<p>El lloc web est\u00e0 dissenyat per a la seva visualitzaci\u00f3 \u00f2ptima en dispositius m\u00f2bils.<\/p>\n<p>Les revisions d\u2019accessibilitat realitzades fins a la data de definici\u00f3 de l\u2019actual declaraci\u00f3 estan basades en els criteris WCAG 2.1. S\u2019estableix com a objectiu aconseguir el compliment de tots els requisits possibles de nivell A i AA, al costat d\u2019uns certs requisits de nivell AAA considerats rellevants per a la millora de l\u2019experi\u00e8ncia de l\u2019usuari.<\/p>\n","protected":false},"excerpt":{"rendered":"<p>Declaraci\u00f3 d\u2019Accessibilitat Ortodoncia Tres Torres, S.L.P. Reial decret 1112\/2018, de 7 de setembre, sobre accessibilitat dels llocs web i aplicacions per a dispositius m\u00f2bils, publicat en el Butllet\u00ed Oficial de l\u2019Estat a data 19 de setembre de 2018. Aquest Reial decret transposa la Directiva (UE) 2016\/2102 del Parlament Europeu i del Consell. La Directiva Europea  [&#8230;]<\/p>\n","protected":false},"author":1,"featured_media":0,"parent":0,"menu_order":0,"comment_status":"closed","ping_status":"closed","template":"","meta":{"footnotes":""},"class_list":["post-11206","page","type-page","status-publish","hentry"],"yoast_head":"<!-- This site is optimized with the Yoast SEO plugin v27.3 - https:\/\/yoast.com\/product\/yoast-seo-wordpress\/ -->\n<title>Accessibilitat - Ortodoncia Tres Torres Barcelona<\/title>\n<meta name=\"robots\" content=\"noindex, nofollow\" \/>\n<meta property=\"og:locale\" content=\"ca_ES\" \/>\n<meta property=\"og:type\" content=\"website\" \/>\n<meta property=\"og:title\" content=\"Accessibilitat - Ortodoncia Tres Torres Barcelona\" \/>\n<meta property=\"og:description\" content=\"Declaraci\u00f3 d\u2019Accessibilitat Ortodoncia Tres Torres, S.L.P. Reial decret 1112\/2018, de 7 de setembre, sobre accessibilitat dels llocs web i aplicacions per a dispositius m\u00f2bils, publicat en el Butllet\u00ed Oficial de l\u2019Estat a data 19 de setembre de 2018. Aquest Reial decret transposa la Directiva (UE) 2016\/2102 del Parlament Europeu i del Consell. La Directiva Europea [...]\" \/>\n<meta property=\"og:url\" content=\"https:\/\/ortodonciabarcelona.com\/ca\/accessibilitat\/\" \/>\n<meta property=\"og:site_name\" content=\"Ortodoncia Tres Torres Barcelona\" \/>\n<meta property=\"article:modified_time\" content=\"2024-03-19T11:44:35+00:00\" \/>\n<meta property=\"og:image\" content=\"https:\/\/ortodonciabarcelona.com\/wp-content\/uploads\/2022\/03\/ortodoncia-tres-torres-barcelona.jpg\" \/>\n\t<meta property=\"og:image:width\" content=\"1200\" \/>\n\t<meta property=\"og:image:height\" content=\"630\" \/>\n\t<meta property=\"og:image:type\" content=\"image\/jpeg\" \/>\n<script type=\"application\/ld+json\" class=\"yoast-schema-graph\">{\n\t    \"@context\": \"https:\\\/\\\/schema.org\",\n\t    \"@graph\": {\n\t        \"0\": {\n\t            \"@type\": \"WebPage\",\n\t            \"@id\": \"https:\\\/\\\/ortodonciabarcelona.com\\\/ca\\\/accessibilitat\\\/\",\n\t            \"url\": \"https:\\\/\\\/ortodonciabarcelona.com\\\/ca\\\/accessibilitat\\\/\",\n\t            \"name\": \"Accessibilitat - Ortodoncia Tres Torres Barcelona\",\n\t            \"isPartOf\": {\n\t                \"@id\": \"https:\\\/\\\/ortodonciabarcelona.com\\\/ca\\\/#website\"\n\t            },\n\t            \"datePublished\": \"2024-03-18T15:12:56+00:00\",\n\t            \"dateModified\": \"2024-03-19T11:44:35+00:00\",\n\t            \"breadcrumb\": {\n\t                \"@id\": \"https:\\\/\\\/ortodonciabarcelona.com\\\/ca\\\/accessibilitat\\\/#breadcrumb\"\n\t            },\n\t            \"inLanguage\": \"ca-ES\",\n\t            \"potentialAction\": [\n\t                {\n\t                    \"@type\": \"ReadAction\",\n\t                    \"target\": [\n\t                        \"https:\\\/\\\/ortodonciabarcelona.com\\\/ca\\\/accessibilitat\\\/\"\n\t                    ]\n\t                }\n\t            ]\n\t        },\n\t        \"1\": {\n\t            \"@type\": \"BreadcrumbList\",\n\t            \"@id\": \"https:\\\/\\\/ortodonciabarcelona.com\\\/ca\\\/accessibilitat\\\/#breadcrumb\",\n\t            \"itemListElement\": [\n\t                {\n\t                    \"@type\": \"ListItem\",\n\t                    \"position\": 1,\n\t                    \"name\": \"Portada\",\n\t                    \"item\": \"https:\\\/\\\/ortodonciabarcelona.com\\\/ca\\\/\"\n\t                },\n\t                {\n\t                    \"@type\": \"ListItem\",\n\t                    \"position\": 2,\n\t                    \"name\": \"Accessibilitat\"\n\t                }\n\t            ]\n\t        },\n\t        \"2\": {\n\t            \"@type\": \"WebSite\",\n\t            \"@id\": \"https:\\\/\\\/ortodonciabarcelona.com\\\/ca\\\/#website\",\n\t            \"url\": \"https:\\\/\\\/ortodonciabarcelona.com\\\/ca\\\/\",\n\t            \"name\": \"Ortodoncia Tres Torres Barcelona\",\n\t            \"description\": \"Especialistas en Ortodoncia Invisible\",\n\t            \"publisher\": {\n\t                \"@id\": \"https:\\\/\\\/ortodonciabarcelona.com\\\/ca\\\/#organization\"\n\t            },\n\t            \"potentialAction\": [\n\t                {\n\t                    \"@type\": \"SearchAction\",\n\t                    \"target\": {\n\t                        \"@type\": \"EntryPoint\",\n\t                        \"urlTemplate\": \"https:\\\/\\\/ortodonciabarcelona.com\\\/ca\\\/?s={search_term_string}\"\n\t                    },\n\t                    \"query-input\": {\n\t                        \"@type\": \"PropertyValueSpecification\",\n\t                        \"valueRequired\": true,\n\t                        \"valueName\": \"search_term_string\"\n\t                    }\n\t                }\n\t            ],\n\t            \"inLanguage\": \"ca-ES\"\n\t        },\n\t        \"3\": {\n\t            \"@type\": \"Organization\",\n\t            \"@id\": \"https:\\\/\\\/ortodonciabarcelona.com\\\/ca\\\/#organization\",\n\t            \"name\": \"Ortodoncia Tres Torres Barcelona\",\n\t            \"url\": \"https:\\\/\\\/ortodonciabarcelona.com\\\/ca\\\/\",\n\t            \"logo\": {\n\t                \"@type\": \"ImageObject\",\n\t                \"inLanguage\": \"ca-ES\",\n\t                \"@id\": \"https:\\\/\\\/ortodonciabarcelona.com\\\/ca\\\/#\\\/schema\\\/logo\\\/image\\\/\",\n\t                \"url\": \"https:\\\/\\\/ortodonciabarcelona.com\\\/wp-content\\\/uploads\\\/2021\\\/04\\\/logo-ortodoncia-tres-torres-barcelona.png\",\n\t                \"contentUrl\": \"https:\\\/\\\/ortodonciabarcelona.com\\\/wp-content\\\/uploads\\\/2021\\\/04\\\/logo-ortodoncia-tres-torres-barcelona.png\",\n\t                \"width\": 250,\n\t                \"height\": 250,\n\t                \"caption\": \"Ortodoncia Tres Torres Barcelona\"\n\t            },\n\t            \"image\": {\n\t                \"@id\": \"https:\\\/\\\/ortodonciabarcelona.com\\\/ca\\\/#\\\/schema\\\/logo\\\/image\\\/\"\n\t            }\n\t        },\n\t        \"@type\": \"Dentist\",\n\t        \"name\": \"Ortodoncia Tres Torres Barcelona\",\n\t        \"image\": \"https:\\\/\\\/ortodonciabarcelona.com\\\/wp-content\\\/uploads\\\/2017\\\/01\\\/ortodonciatrestorres-Invisalign-Platinum-Elite02.jpg\",\n\t        \"@id\": \"https:\\\/\\\/www.google.es\\\/maps\\\/place\\\/Ortodoncia+Tres+Torres+-+Ortodoncia+Barcelona\\\/@41.3946938,2.1333029,data=!3m1!4b1!4m5!3m4!1s0x12a49871d963a167:0x4b484f525e410dc5!8m2!3d41.3946938!4d2.1354916\",\n\t        \"itemListElement\": \"\",\n\t        \"url\": \"https:\\\/\\\/ortodonciabarcelona.com\\\/\",\n\t        \"telephone\": \"934142312\",\n\t        \"priceRange\": \"Desde 1500\u20ac\",\n\t        \"address\": [\n\t            {\n\t                \"@type\": \"PostalAddress\",\n\t                \"streetAddress\": \"Jacinto Benavente, 6\",\n\t                \"addressLocality\": \"Barcelona\",\n\t                \"postalCode\": \"08017\",\n\t                \"addressCountry\": \"ES\"\n\t            }\n\t        ],\n\t        \"geo\": [\n\t            {\n\t                \"@type\": \"GeoCoordinates\",\n\t                \"latitude\": 41.3946938,\n\t                \"longitude\": 2.1354916\n\t            }\n\t        ],\n\t        \"sameAs\": [\n\t            \"https:\\\/\\\/www.instagram.com\\\/ortodonciatrestorres\\\/\",\n\t            \"https:\\\/\\\/www.facebook.com\\\/OrtodonciaBarcelona\\\/\",\n\t            \"https:\\\/\\\/www.youtube.com\\\/channel\\\/UCqh2n-W5uqX24kD88dgbyTA\"\n\t        ],\n\t        \"openingHoursSpecification\": [\n\t            {\n\t                \"@type\": \"OpeningHoursSpecification\",\n\t                \"dayOfWeek\": [\n\t                    \"Monday\",\n\t                    \"Wednesday\"\n\t                ],\n\t                \"opens\": \"09:00\",\n\t                \"closes\": \"13:00\"\n\t            },\n\t            {\n\t                \"@type\": \"OpeningHoursSpecification\",\n\t                \"dayOfWeek\": [\n\t                    \"Monday\",\n\t                    \"Wednesday\"\n\t                ],\n\t                \"opens\": \"15:00\",\n\t                \"closes\": \"20:00\"\n\t            },\n\t            {\n\t                \"@type\": \"OpeningHoursSpecification\",\n\t                \"dayOfWeek\": \"Tuesday\",\n\t                \"opens\": \"08:00\",\n\t                \"closes\": \"13:00\"\n\t            },\n\t            {\n\t                \"@type\": \"OpeningHoursSpecification\",\n\t                \"dayOfWeek\": \"Tuesday\",\n\t                \"opens\": \"15:00\",\n\t                \"closes\": \"20:00\"\n\t            },\n\t            {\n\t                \"@type\": \"OpeningHoursSpecification\",\n\t                \"dayOfWeek\": \"Tuesday\",\n\t                \"opens\": \"9:00\",\n\t                \"closes\": \"20:00\"\n\t            },\n\t            {\n\t                \"@type\": \"OpeningHoursSpecification\",\n\t                \"dayOfWeek\": \"Friday\",\n\t                \"opens\": \"9:00\",\n\t                \"closes\": \"16:00\"\n\t            }\n\t        ]\n\t    }\n\t}<\/script>\n<!-- \/ Yoast SEO plugin. -->","yoast_head_json":{"title":"Accessibilitat - Ortodoncia Tres Torres Barcelona","robots":{"index":"noindex","follow":"nofollow"},"og_locale":"ca_ES","og_type":"website","og_title":"Accessibilitat - Ortodoncia Tres Torres Barcelona","og_description":"Declaraci\u00f3 d\u2019Accessibilitat Ortodoncia Tres Torres, S.L.P. Reial decret 1112\/2018, de 7 de setembre, sobre accessibilitat dels llocs web i aplicacions per a dispositius m\u00f2bils, publicat en el Butllet\u00ed Oficial de l\u2019Estat a data 19 de setembre de 2018. Aquest Reial decret transposa la Directiva (UE) 2016\/2102 del Parlament Europeu i del Consell. La Directiva Europea [...]","og_url":"https:\/\/ortodonciabarcelona.com\/ca\/accessibilitat\/","og_site_name":"Ortodoncia Tres Torres Barcelona","article_modified_time":"2024-03-19T11:44:35+00:00","og_image":[{"width":1200,"height":630,"url":"https:\/\/ortodonciabarcelona.com\/wp-content\/uploads\/2022\/03\/ortodoncia-tres-torres-barcelona.jpg","type":"image\/jpeg"}],"schema":{"@context":"https:\/\/schema.org","@graph":{"0":{"@type":"WebPage","@id":"https:\/\/ortodonciabarcelona.com\/ca\/accessibilitat\/","url":"https:\/\/ortodonciabarcelona.com\/ca\/accessibilitat\/","name":"Accessibilitat - Ortodoncia Tres Torres Barcelona","isPartOf":{"@id":"https:\/\/ortodonciabarcelona.com\/ca\/#website"},"datePublished":"2024-03-18T15:12:56+00:00","dateModified":"2024-03-19T11:44:35+00:00","breadcrumb":{"@id":"https:\/\/ortodonciabarcelona.com\/ca\/accessibilitat\/#breadcrumb"},"inLanguage":"ca-ES","potentialAction":[{"@type":"ReadAction","target":["https:\/\/ortodonciabarcelona.com\/ca\/accessibilitat\/"]}]},"1":{"@type":"BreadcrumbList","@id":"https:\/\/ortodonciabarcelona.com\/ca\/accessibilitat\/#breadcrumb","itemListElement":[{"@type":"ListItem","position":1,"name":"Portada","item":"https:\/\/ortodonciabarcelona.com\/ca\/"},{"@type":"ListItem","position":2,"name":"Accessibilitat"}]},"2":{"@type":"WebSite","@id":"https:\/\/ortodonciabarcelona.com\/ca\/#website","url":"https:\/\/ortodonciabarcelona.com\/ca\/","name":"Ortodoncia Tres Torres Barcelona","description":"Especialistas en Ortodoncia Invisible","publisher":{"@id":"https:\/\/ortodonciabarcelona.com\/ca\/#organization"},"potentialAction":[{"@type":"SearchAction","target":{"@type":"EntryPoint","urlTemplate":"https:\/\/ortodonciabarcelona.com\/ca\/?s={search_term_string}"},"query-input":{"@type":"PropertyValueSpecification","valueRequired":true,"valueName":"search_term_string"}}],"inLanguage":"ca-ES"},"3":{"@type":"Organization","@id":"https:\/\/ortodonciabarcelona.com\/ca\/#organization","name":"Ortodoncia Tres Torres Barcelona","url":"https:\/\/ortodonciabarcelona.com\/ca\/","logo":{"@type":"ImageObject","inLanguage":"ca-ES","@id":"https:\/\/ortodonciabarcelona.com\/ca\/#\/schema\/logo\/image\/","url":"https:\/\/ortodonciabarcelona.com\/wp-content\/uploads\/2021\/04\/logo-ortodoncia-tres-torres-barcelona.png","contentUrl":"https:\/\/ortodonciabarcelona.com\/wp-content\/uploads\/2021\/04\/logo-ortodoncia-tres-torres-barcelona.png","width":250,"height":250,"caption":"Ortodoncia Tres Torres Barcelona"},"image":{"@id":"https:\/\/ortodonciabarcelona.com\/ca\/#\/schema\/logo\/image\/"}},"@type":"Dentist","name":"Ortodoncia Tres Torres Barcelona","image":"https:\/\/ortodonciabarcelona.com\/wp-content\/uploads\/2017\/01\/ortodonciatrestorres-Invisalign-Platinum-Elite02.jpg","@id":"https:\/\/www.google.es\/maps\/place\/Ortodoncia+Tres+Torres+-+Ortodoncia+Barcelona\/@41.3946938,2.1333029,data=!3m1!4b1!4m5!3m4!1s0x12a49871d963a167:0x4b484f525e410dc5!8m2!3d41.3946938!4d2.1354916","itemListElement":"","url":"https:\/\/ortodonciabarcelona.com\/","telephone":"934142312","priceRange":"Desde 1500\u20ac","address":[{"@type":"PostalAddress","streetAddress":"Jacinto Benavente, 6","addressLocality":"Barcelona","postalCode":"08017","addressCountry":"ES"}],"geo":[{"@type":"GeoCoordinates","latitude":41.3946938,"longitude":2.1354916}],"sameAs":["https:\/\/www.instagram.com\/ortodonciatrestorres\/","https:\/\/www.facebook.com\/OrtodonciaBarcelona\/","https:\/\/www.youtube.com\/channel\/UCqh2n-W5uqX24kD88dgbyTA"],"openingHoursSpecification":[{"@type":"OpeningHoursSpecification","dayOfWeek":["Monday","Wednesday"],"opens":"09:00","closes":"13:00"},{"@type":"OpeningHoursSpecification","dayOfWeek":["Monday","Wednesday"],"opens":"15:00","closes":"20:00"},{"@type":"OpeningHoursSpecification","dayOfWeek":"Tuesday","opens":"08:00","closes":"13:00"},{"@type":"OpeningHoursSpecification","dayOfWeek":"Tuesday","opens":"15:00","closes":"20:00"},{"@type":"OpeningHoursSpecification","dayOfWeek":"Tuesday","opens":"9:00","closes":"20:00"},{"@type":"OpeningHoursSpecification","dayOfWeek":"Friday","opens":"9:00","closes":"16:00"}]}}},"_links":{"self":[{"href":"https:\/\/ortodonciabarcelona.com\/ca\/wp-json\/wp\/v2\/pages\/11206","targetHints":{"allow":["GET"]}}],"collection":[{"href":"https:\/\/ortodonciabarcelona.com\/ca\/wp-json\/wp\/v2\/pages"}],"about":[{"href":"https:\/\/ortodonciabarcelona.com\/ca\/wp-json\/wp\/v2\/types\/page"}],"author":[{"embeddable":true,"href":"https:\/\/ortodonciabarcelona.com\/ca\/wp-json\/wp\/v2\/users\/1"}],"replies":[{"embeddable":true,"href":"https:\/\/ortodonciabarcelona.com\/ca\/wp-json\/wp\/v2\/comments?post=11206"}],"version-history":[{"count":0,"href":"https:\/\/ortodonciabarcelona.com\/ca\/wp-json\/wp\/v2\/pages\/11206\/revisions"}],"wp:attachment":[{"href":"https:\/\/ortodonciabarcelona.com\/ca\/wp-json\/wp\/v2\/media?parent=11206"}],"curies":[{"name":"wp","href":"https:\/\/api.w.org\/{rel}","templated":true}]}}