{"id":7189,"date":"2018-11-29T11:15:16","date_gmt":"2018-11-29T11:15:16","guid":{"rendered":"https:\/\/ortodonciabarcelona.com\/blog\/?page_id=7189"},"modified":"2023-05-15T10:41:31","modified_gmt":"2023-05-15T10:41:31","slug":"dr-fernando-de-la-iglesia","status":"publish","type":"page","link":"https:\/\/ortodonciabarcelona.com\/blog\/dr-fernando-de-la-iglesia\/","title":{"rendered":"Dr. Fernando de la Iglesia"},"content":{"rendered":"<div class=\"fusion-fullwidth fullwidth-box fusion-builder-row-1 fusion-flex-container has-pattern-background has-mask-background nonhundred-percent-fullwidth non-hundred-percent-height-scrolling\" style=\"--awb-border-radius-top-left:0px;--awb-border-radius-top-right:0px;--awb-border-radius-bottom-right:0px;--awb-border-radius-bottom-left:0px;--awb-flex-wrap:wrap;\" ><div class=\"fusion-builder-row fusion-row fusion-flex-align-items-flex-start fusion-flex-content-wrap\" style=\"max-width:1123.2px;margin-left: calc(-4% \/ 2 );margin-right: calc(-4% \/ 2 );\"><div class=\"fusion-layout-column fusion_builder_column fusion-builder-column-0 fusion_builder_column_3_4 3_4 fusion-flex-column\" style=\"--awb-padding-right:20px;--awb-padding-left:20px;--awb-bg-color:#ffffff;--awb-bg-color-hover:#ffffff;--awb-bg-size:cover;--awb-width-large:75%;--awb-margin-top-large:0px;--awb-spacing-right-large:2.56%;--awb-margin-bottom-large:20px;--awb-spacing-left-large:2.56%;--awb-width-medium:75%;--awb-order-medium:0;--awb-spacing-right-medium:2.56%;--awb-spacing-left-medium:2.56%;--awb-width-small:100%;--awb-order-small:0;--awb-spacing-right-small:1.92%;--awb-spacing-left-small:1.92%;\" data-scroll-devices=\"small-visibility,medium-visibility,large-visibility\"><div class=\"fusion-column-wrapper fusion-column-has-shadow fusion-flex-justify-content-flex-start fusion-content-layout-column\"><div class=\"fusion-title title fusion-title-1 fusion-sep-none fusion-title-text fusion-title-size-one\" style=\"--awb-text-color:#333333;--awb-margin-top-small:10px;--awb-margin-right-small:0px;--awb-margin-bottom-small:10px;--awb-margin-left-small:0px;--awb-font-size:48px;\"><h1 class=\"fusion-title-heading title-heading-left\" style=\"font-family:&quot;Roboto&quot;;font-style:normal;font-weight:400;margin:0;font-size:1em;\">Dr. Fernando de la Iglesia<\/h1><\/div><div class=\"fusion-text fusion-text-1\"><p><img decoding=\"async\" class=\"lazyload size-full wp-image-1294 aligncenter\" src=\"data:image\/svg+xml,%3Csvg%20xmlns%3D%27http%3A%2F%2Fwww.w3.org%2F2000%2Fsvg%27%20width%3D%27300%27%20height%3D%27250%27%20viewBox%3D%270%200%20300%20250%27%3E%3Crect%20width%3D%27300%27%20height%3D%27250%27%20fill-opacity%3D%220%22%2F%3E%3C%2Fsvg%3E\" data-orig-src=\"https:\/\/www.ortodonciabarcelona.com\/blog-profesional\/wp-content\/uploads\/2019\/01\/ortodoncia-tres-dr-torres-barcelona-fernando-de-la-iglesia.jpg\" alt=\"Fernando de la Iglesia es fundador de Ortodoncia Tres Torres y Ortodoncia Sant Cugat\" width=\"300\" height=\"250\" \/><\/p>\n<p class=\"p1\"><span class=\"s1\">El <strong>Dr. Fernando de la Iglesia Beyme<\/strong> es socio fundador de Ortodoncia Tres Torres y Ortodoncia Sant Cugat<br \/>\n<\/span><\/p>\n<ul>\n<li>Licenciado en Odontolog\u00eda \u2013 Universidad de Barcelona 1999<\/li>\n<li>M\u00e1ster en Ortodoncia \u2013 Universidad Internacional de Catalu\u00f1a 2001<\/li>\n<li>Doctor en Odontolog\u00eda \u2013 Universitat Internacional de Catalunya con calificaci\u00f3n de \u201cexcelente cum laude\u201d (2005)<\/li>\n<li>Especialista en ortodoncia invisible con la distinci\u00f3n Invisalign Diamond II<\/li>\n<li>Primer Premio a los mejores casos tratados con ortodoncia invisible lingual \u2013 Sociedad Europea de Ortodoncia Lingual (2012)<\/li>\n<li>Miembro de la Sociedad Espa\u00f1ola de Ortodoncia (SEDO)<\/li>\n<li>Profesor asociado de Ortodoncia \u2013 Universidad Internacional de Catalu\u00f1a (desde 2001)<\/li>\n<li>Especializado en ortodoncia invisible y ortodoncia lingual<\/li>\n<li>Residencia de Ortodoncia Lingual con el Dr. Hiro (Jap\u00f3n)<\/li>\n<li>Colaborador peri\u00f3dico de la Revista Espa\u00f1ola de Ortodoncia<\/li>\n<li>Art\u00edculos publicados en revistas nacionales e internacionales<\/li>\n<li>Pr\u00e1ctica exclusiva en ortodoncia invisible y ortodoncia infantil en Barcelona (desde 2001)<br \/>\n<a href=\"https:\/\/www.linkedin.com\/in\/fernando-de-la-iglesia-beyme-6b531223\" target=\"_blank\" rel=\"noopener noreferrer\"><br \/>\n<img decoding=\"async\" class=\"lazyload alignnone wp-image-1298\" src=\"data:image\/svg+xml,%3Csvg%20xmlns%3D%27http%3A%2F%2Fwww.w3.org%2F2000%2Fsvg%27%20width%3D%2751%27%20height%3D%2751%27%20viewBox%3D%270%200%2051%2051%27%3E%3Crect%20width%3D%2751%27%20height%3D%2751%27%20fill-opacity%3D%220%22%2F%3E%3C%2Fsvg%3E\" data-orig-src=\"https:\/\/www.ortodonciabarcelona.com\/blog-profesional\/wp-content\/uploads\/2019\/01\/images-150x150.png\" alt=\"Linkedin Doctores de Ortodoncia Tres Torres Barcelona\" width=\"51\" height=\"51\" \/><br \/>\n<\/a><\/p>\n<p class=\"p1\"><a href=\"\/cv-dr-fernando-de-la-iglesia-beyme.pdf\"><span class=\"s1\"><u>CV Dr. Fernando de la Iglesia Beyme<\/u><\/span><i class=\"fa fa-arrow-down\" style=\"color: #b1c8d0;\" aria-hidden=\"true\"><\/i><\/a><\/p>\n<p class=\"p1\"><a href=\"https:\/\/www.topdoctors.es\/doctor\/fernando-de-la-iglesia\" target=\"_blank\" rel=\"noopener noreferrer\"><span class=\"s1\"><u>V\u00eddeos y art\u00edculos del Dr. Fernando de la Iglesia en Top Doctors<\/u><\/span><\/a><\/p>\n<p class=\"p1\"><a href=\"http:\/\/www.blogcoea.com\/dr-fernando-de-la-iglesia-beyme-la-ortodoncia-en-adultos-es-muy-satisfactoria-por-su-gran-motivacion\/\" target=\"_blank\" rel=\"noopener noreferrer\"><span class=\"s1\"><u>Entrevista del Colegio Oficial de Odont\u00f3logos y Estomat\u00f3logos de Alicante<\/u><\/span><\/a><\/p>\n<p class=\"p1\"><a href=\"http:\/\/www.uic.es\/es\/profesor\/de-la-iglesia-beyme-fernando\" target=\"_blank\" rel=\"noopener noreferrer\"><span class=\"s1\"><u>Publicaciones del Dr. Fernando de la Iglesia<\/u><\/span><\/a><\/p>\n<p class=\"p1\"><a href=\"https:\/\/www.ortodonciabarcelona.com\/blog-profesional\/wp-content\/uploads\/2020\/01\/casos-correccion-desviacion-mandibular-e-inclinacion-oclusal-maxilar.pdf\" target=\" _blank\" rel=\"noopener noreferrer\"><span class=\"s1\"><u>Coautor de la publicaci\u00f3n de dos casos sobre la correcci\u00f3n de la desviaci\u00f3n mandibular y la inclinaci\u00f3n oclusal maxilar con cirug\u00eda temprana y micro tornillos<\/u><\/span><\/a><\/p>\n<p class=\"p1\"><a href=\"https:\/\/www.ortodonciabarcelona.com\/blog-profesional\/wp-content\/uploads\/2020\/03\/cirugia-bimaxilar-con-segmentacion-maxilar-y-ortodoncia-lingual.pdf\"><span class=\"s1\"><u>Coautor de la publicaci\u00f3n sobre cirug\u00eda bimaxilar con segmentaci\u00f3n maxilar y ortodoncia lingual<\/u><\/span><\/a><\/p>\n<p class=\"p1\"><a href=\"https:\/\/www.ortodonciabarcelona.com\/blog-profesional\/wp-content\/uploads\/2020\/03\/estudio-in-vitro-estabilidad-brazo-anterior-de-3-expansores-hibridos-hyrax.pdf\"><span class=\"s1\"><u>Coautor del estudio in vitro sobre la estabilidad del brazo anterior de tres expansores h\u00edbridos Hyrax diferentes<\/u><\/span><\/a><\/p>\n<p><a href=\"https:\/\/www.ortodonciabarcelona.com\/blog-profesional\/\" target=\"_blank\" rel=\"noopener noreferrer\"><span class=\"s1\"><u>Blog profesional Dr. Fernando de la Iglesia Beyme<\/u><\/span><\/a><\/li>\n<\/ul>\n<\/div><\/div><\/div><div class=\"fusion-layout-column fusion_builder_column fusion-builder-column-1 fusion_builder_column_1_4 1_4 fusion-flex-column columna-derecha-autor\" style=\"--awb-bg-size:cover;--awb-width-large:25%;--awb-margin-top-large:0px;--awb-spacing-right-large:7.68%;--awb-margin-bottom-large:20px;--awb-spacing-left-large:3.072%;--awb-width-medium:25%;--awb-order-medium:0;--awb-spacing-right-medium:7.68%;--awb-spacing-left-medium:3.072%;--awb-width-small:100%;--awb-order-small:0;--awb-spacing-right-small:1.92%;--awb-spacing-left-small:1.92%;\" data-scroll-devices=\"small-visibility,medium-visibility,large-visibility\"><div class=\"fusion-column-wrapper fusion-column-has-shadow fusion-flex-justify-content-flex-start fusion-content-layout-column\"><div class=\"fusion-title title fusion-title-2 fusion-sep-none fusion-title-center fusion-title-text fusion-title-size-three h3-pagina-autor\" style=\"--awb-margin-top-small:10px;--awb-margin-right-small:0px;--awb-margin-bottom-small:10px;--awb-margin-left-small:0px;\"><h3 class=\"fusion-title-heading title-heading-center\" style=\"margin:0;\">ESPECIALISTAS EN ORTODONCIA<\/h3><\/div><div class=\"fusion-image-element \" style=\"text-align:center;--awb-margin-top:40px;--awb-caption-title-font-family:var(--h2_typography-font-family);--awb-caption-title-font-weight:var(--h2_typography-font-weight);--awb-caption-title-font-style:var(--h2_typography-font-style);--awb-caption-title-size:var(--h2_typography-font-size);--awb-caption-title-transform:var(--h2_typography-text-transform);--awb-caption-title-line-height:var(--h2_typography-line-height);--awb-caption-title-letter-spacing:var(--h2_typography-letter-spacing);\"><span class=\" fusion-imageframe imageframe-none imageframe-1 hover-type-none\"><a class=\"fusion-no-lightbox\" href=\"https:\/\/ortodonciabarcelona.com\/blog\/dr-oriol-quevedo\/\" target=\"_self\" aria-label=\"ortodoncia_tres_torres_barcelona_dr_oriol_quevedo_poublog\"><img decoding=\"async\" width=\"282\" height=\"300\" alt=\"Oriol Quevedo Pou\" src=\"https:\/\/ortodonciabarcelona.com\/blog\/wp-content\/uploads\/2023\/05\/ortodoncia_tres_torres_barcelona_dr_oriol_quevedo_poublog.jpg\" data-orig-src=\"https:\/\/ortodonciabarcelona.com\/blog\/wp-content\/uploads\/2023\/05\/ortodoncia_tres_torres_barcelona_dr_oriol_quevedo_poublog-282x300.jpg\" class=\"lazyload img-responsive wp-image-8216\" srcset=\"data:image\/svg+xml,%3Csvg%20xmlns%3D%27http%3A%2F%2Fwww.w3.org%2F2000%2Fsvg%27%20width%3D%27310%27%20height%3D%27330%27%20viewBox%3D%270%200%20310%20330%27%3E%3Crect%20width%3D%27310%27%20height%3D%27330%27%20fill-opacity%3D%220%22%2F%3E%3C%2Fsvg%3E\" data-srcset=\"https:\/\/ortodonciabarcelona.com\/blog\/wp-content\/uploads\/2023\/05\/ortodoncia_tres_torres_barcelona_dr_oriol_quevedo_poublog-200x213.jpg 200w, https:\/\/ortodonciabarcelona.com\/blog\/wp-content\/uploads\/2023\/05\/ortodoncia_tres_torres_barcelona_dr_oriol_quevedo_poublog.jpg 310w\" data-sizes=\"auto\" data-orig-sizes=\"(max-width: 640px) 100vw, 282px\" \/><\/a><\/span><\/div><\/div><\/div><\/div><\/div>\n","protected":false},"excerpt":{"rendered":"","protected":false},"author":3,"featured_media":0,"parent":0,"menu_order":0,"comment_status":"closed","ping_status":"closed","template":"","meta":{"footnotes":""},"class_list":["post-7189","page","type-page","status-publish","hentry"],"yoast_head":"<!-- This site is optimized with the Yoast SEO plugin v27.3 - https:\/\/yoast.com\/product\/yoast-seo-wordpress\/ -->\n<title>Dr. Fernando de la Iglesia Beyme<\/title>\n<meta name=\"description\" content=\"El Dr. Fernando de la Iglesia Beyme es socio fundador de Ortodoncia Tres Torres, licenciado y Doctor en Odontolog\u00eda y M\u00e1ster en Ortodoncia\" \/>\n<meta name=\"robots\" content=\"noindex, follow\" \/>\n<meta property=\"og:locale\" content=\"es_ES\" \/>\n<meta property=\"og:type\" content=\"article\" \/>\n<meta property=\"og:title\" content=\"Dr. Fernando de la Iglesia Beyme\" \/>\n<meta property=\"og:description\" content=\"El Dr. Fernando de la Iglesia Beyme es socio fundador de Ortodoncia Tres Torres, licenciado y Doctor en Odontolog\u00eda y M\u00e1ster en Ortodoncia\" \/>\n<meta property=\"og:url\" content=\"https:\/\/ortodonciabarcelona.com\/blog\/wp-json\/wp\/v2\/pages\/7189\" \/>\n<meta property=\"og:site_name\" content=\"Blog de Ortodoncia Tres Torres\" \/>\n<meta property=\"article:modified_time\" content=\"2023-05-15T10:41:31+00:00\" \/>\n<meta property=\"og:image\" content=\"https:\/\/www.ortodonciabarcelona.com\/blog-profesional\/wp-content\/uploads\/2019\/01\/ortodoncia-tres-dr-torres-barcelona-fernando-de-la-iglesia.jpg\" \/>\n<script type=\"application\/ld+json\" class=\"yoast-schema-graph\">{\"@context\":\"https:\\\/\\\/schema.org\",\"@graph\":[{\"@type\":\"Article\",\"@id\":\"https:\\\/\\\/ortodonciabarcelona.com\\\/blog\\\/dr-fernando-de-la-iglesia\\\/#article\",\"isPartOf\":{\"@id\":\"https:\\\/\\\/ortodonciabarcelona.com\\\/blog\\\/dr-fernando-de-la-iglesia\\\/\"},\"author\":{\"name\":\"Dr Fernando de la Iglesia\",\"@id\":\"https:\\\/\\\/ortodonciabarcelona.com\\\/blog\\\/#\\\/schema\\\/person\\\/694dce2a6f2539dbf05376fb43582751\"},\"headline\":\"Dr. Fernando de la Iglesia\",\"datePublished\":\"2018-11-29T11:15:16+00:00\",\"dateModified\":\"2023-05-15T10:41:31+00:00\",\"mainEntityOfPage\":{\"@id\":\"https:\\\/\\\/ortodonciabarcelona.com\\\/blog\\\/dr-fernando-de-la-iglesia\\\/\"},\"wordCount\":2557,\"publisher\":{\"@id\":\"https:\\\/\\\/ortodonciabarcelona.com\\\/blog\\\/#organization\"},\"image\":{\"@id\":\"https:\\\/\\\/ortodonciabarcelona.com\\\/blog\\\/dr-fernando-de-la-iglesia\\\/#primaryimage\"},\"thumbnailUrl\":\"https:\\\/\\\/www.ortodonciabarcelona.com\\\/blog-profesional\\\/wp-content\\\/uploads\\\/2019\\\/01\\\/ortodoncia-tres-dr-torres-barcelona-fernando-de-la-iglesia.jpg\",\"inLanguage\":\"es\"},{\"@type\":\"WebPage\",\"@id\":\"https:\\\/\\\/ortodonciabarcelona.com\\\/blog\\\/dr-fernando-de-la-iglesia\\\/\",\"url\":\"https:\\\/\\\/ortodonciabarcelona.com\\\/blog\\\/dr-fernando-de-la-iglesia\\\/\",\"name\":\"Dr. Fernando de la Iglesia Beyme\",\"isPartOf\":{\"@id\":\"https:\\\/\\\/ortodonciabarcelona.com\\\/blog\\\/#website\"},\"primaryImageOfPage\":{\"@id\":\"https:\\\/\\\/ortodonciabarcelona.com\\\/blog\\\/dr-fernando-de-la-iglesia\\\/#primaryimage\"},\"image\":{\"@id\":\"https:\\\/\\\/ortodonciabarcelona.com\\\/blog\\\/dr-fernando-de-la-iglesia\\\/#primaryimage\"},\"thumbnailUrl\":\"https:\\\/\\\/www.ortodonciabarcelona.com\\\/blog-profesional\\\/wp-content\\\/uploads\\\/2019\\\/01\\\/ortodoncia-tres-dr-torres-barcelona-fernando-de-la-iglesia.jpg\",\"datePublished\":\"2018-11-29T11:15:16+00:00\",\"dateModified\":\"2023-05-15T10:41:31+00:00\",\"description\":\"El Dr. Fernando de la Iglesia Beyme es socio fundador de Ortodoncia Tres Torres, licenciado y Doctor en Odontolog\u00eda y M\u00e1ster en Ortodoncia\",\"breadcrumb\":{\"@id\":\"https:\\\/\\\/ortodonciabarcelona.com\\\/blog\\\/dr-fernando-de-la-iglesia\\\/#breadcrumb\"},\"inLanguage\":\"es\",\"potentialAction\":[{\"@type\":\"ReadAction\",\"target\":[\"https:\\\/\\\/ortodonciabarcelona.com\\\/blog\\\/dr-fernando-de-la-iglesia\\\/\"]}]},{\"@type\":\"ImageObject\",\"inLanguage\":\"es\",\"@id\":\"https:\\\/\\\/ortodonciabarcelona.com\\\/blog\\\/dr-fernando-de-la-iglesia\\\/#primaryimage\",\"url\":\"https:\\\/\\\/www.ortodonciabarcelona.com\\\/blog-profesional\\\/wp-content\\\/uploads\\\/2019\\\/01\\\/ortodoncia-tres-dr-torres-barcelona-fernando-de-la-iglesia.jpg\",\"contentUrl\":\"https:\\\/\\\/www.ortodonciabarcelona.com\\\/blog-profesional\\\/wp-content\\\/uploads\\\/2019\\\/01\\\/ortodoncia-tres-dr-torres-barcelona-fernando-de-la-iglesia.jpg\"},{\"@type\":\"BreadcrumbList\",\"@id\":\"https:\\\/\\\/ortodonciabarcelona.com\\\/blog\\\/dr-fernando-de-la-iglesia\\\/#breadcrumb\",\"itemListElement\":[{\"@type\":\"ListItem\",\"position\":1,\"name\":\"Portada\",\"item\":\"https:\\\/\\\/ortodonciabarcelona.com\\\/blog\\\/element_category\\\/columns\\\/\"},{\"@type\":\"ListItem\",\"position\":2,\"name\":\"Dr. Fernando de la Iglesia\"}]},{\"@type\":\"WebSite\",\"@id\":\"https:\\\/\\\/ortodonciabarcelona.com\\\/blog\\\/#website\",\"url\":\"https:\\\/\\\/ortodonciabarcelona.com\\\/blog\\\/\",\"name\":\"Blog de Ortodoncia Tres Torres\",\"description\":\"Blog sobre ortodoncia\",\"publisher\":{\"@id\":\"https:\\\/\\\/ortodonciabarcelona.com\\\/blog\\\/#organization\"},\"potentialAction\":[{\"@type\":\"SearchAction\",\"target\":{\"@type\":\"EntryPoint\",\"urlTemplate\":\"https:\\\/\\\/ortodonciabarcelona.com\\\/blog\\\/?s={search_term_string}\"},\"query-input\":{\"@type\":\"PropertyValueSpecification\",\"valueRequired\":true,\"valueName\":\"search_term_string\"}}],\"inLanguage\":\"es\"},{\"@type\":\"Organization\",\"@id\":\"https:\\\/\\\/ortodonciabarcelona.com\\\/blog\\\/#organization\",\"name\":\"Blog de Ortodoncia Tres Torres\",\"url\":\"https:\\\/\\\/ortodonciabarcelona.com\\\/blog\\\/\",\"logo\":{\"@type\":\"ImageObject\",\"inLanguage\":\"es\",\"@id\":\"https:\\\/\\\/ortodonciabarcelona.com\\\/blog\\\/#\\\/schema\\\/logo\\\/image\\\/\",\"url\":\"https:\\\/\\\/ortodonciabarcelona.com\\\/blog\\\/wp-content\\\/uploads\\\/2023\\\/04\\\/logotipo-sonrisas_blog-corp.png\",\"contentUrl\":\"https:\\\/\\\/ortodonciabarcelona.com\\\/blog\\\/wp-content\\\/uploads\\\/2023\\\/04\\\/logotipo-sonrisas_blog-corp.png\",\"width\":237,\"height\":283,\"caption\":\"Blog de Ortodoncia Tres Torres\"},\"image\":{\"@id\":\"https:\\\/\\\/ortodonciabarcelona.com\\\/blog\\\/#\\\/schema\\\/logo\\\/image\\\/\"}},{\"@type\":\"Person\",\"@id\":\"https:\\\/\\\/ortodonciabarcelona.com\\\/blog\\\/#\\\/schema\\\/person\\\/694dce2a6f2539dbf05376fb43582751\",\"name\":\"Dr Fernando de la Iglesia\",\"image\":{\"@type\":\"ImageObject\",\"inLanguage\":\"es\",\"@id\":\"https:\\\/\\\/secure.gravatar.com\\\/avatar\\\/f556ae41fc83133c68363d54ff867b2e07ec9c9632768f5aa68fda5a3ea4abe8?s=96&d=blank&r=g\",\"url\":\"https:\\\/\\\/secure.gravatar.com\\\/avatar\\\/f556ae41fc83133c68363d54ff867b2e07ec9c9632768f5aa68fda5a3ea4abe8?s=96&d=blank&r=g\",\"contentUrl\":\"https:\\\/\\\/secure.gravatar.com\\\/avatar\\\/f556ae41fc83133c68363d54ff867b2e07ec9c9632768f5aa68fda5a3ea4abe8?s=96&d=blank&r=g\",\"caption\":\"Dr Fernando de la Iglesia\"},\"description\":\"Licenciado en Odontolog\u00eda por la Universidad de Barcelona. M\u00e1ster y Doctor en Ortodoncia por la Universidad Internacional de Catalu\u00f1a. Miembro de la Sociedad Espa\u00f1ola de Ortodoncia (SEDO).\",\"sameAs\":[\"https:\\\/\\\/ortodonciabarcelona.com\\\/blog\\\/dr-fernando-de-la-iglesia\\\/\"]}]}<\/script>\n<!-- \/ Yoast SEO plugin. -->","yoast_head_json":{"title":"Dr. Fernando de la Iglesia Beyme","description":"El Dr. Fernando de la Iglesia Beyme es socio fundador de Ortodoncia Tres Torres, licenciado y Doctor en Odontolog\u00eda y M\u00e1ster en Ortodoncia","robots":{"index":"noindex","follow":"follow"},"og_locale":"es_ES","og_type":"article","og_title":"Dr. Fernando de la Iglesia Beyme","og_description":"El Dr. Fernando de la Iglesia Beyme es socio fundador de Ortodoncia Tres Torres, licenciado y Doctor en Odontolog\u00eda y M\u00e1ster en Ortodoncia","og_url":"https:\/\/ortodonciabarcelona.com\/blog\/wp-json\/wp\/v2\/pages\/7189","og_site_name":"Blog de Ortodoncia Tres Torres","article_modified_time":"2023-05-15T10:41:31+00:00","og_image":[{"url":"https:\/\/www.ortodonciabarcelona.com\/blog-profesional\/wp-content\/uploads\/2019\/01\/ortodoncia-tres-dr-torres-barcelona-fernando-de-la-iglesia.jpg","type":"","width":"","height":""}],"schema":{"@context":"https:\/\/schema.org","@graph":[{"@type":"Article","@id":"https:\/\/ortodonciabarcelona.com\/blog\/dr-fernando-de-la-iglesia\/#article","isPartOf":{"@id":"https:\/\/ortodonciabarcelona.com\/blog\/dr-fernando-de-la-iglesia\/"},"author":{"name":"Dr Fernando de la Iglesia","@id":"https:\/\/ortodonciabarcelona.com\/blog\/#\/schema\/person\/694dce2a6f2539dbf05376fb43582751"},"headline":"Dr. Fernando de la Iglesia","datePublished":"2018-11-29T11:15:16+00:00","dateModified":"2023-05-15T10:41:31+00:00","mainEntityOfPage":{"@id":"https:\/\/ortodonciabarcelona.com\/blog\/dr-fernando-de-la-iglesia\/"},"wordCount":2557,"publisher":{"@id":"https:\/\/ortodonciabarcelona.com\/blog\/#organization"},"image":{"@id":"https:\/\/ortodonciabarcelona.com\/blog\/dr-fernando-de-la-iglesia\/#primaryimage"},"thumbnailUrl":"https:\/\/www.ortodonciabarcelona.com\/blog-profesional\/wp-content\/uploads\/2019\/01\/ortodoncia-tres-dr-torres-barcelona-fernando-de-la-iglesia.jpg","inLanguage":"es"},{"@type":"WebPage","@id":"https:\/\/ortodonciabarcelona.com\/blog\/dr-fernando-de-la-iglesia\/","url":"https:\/\/ortodonciabarcelona.com\/blog\/dr-fernando-de-la-iglesia\/","name":"Dr. Fernando de la Iglesia Beyme","isPartOf":{"@id":"https:\/\/ortodonciabarcelona.com\/blog\/#website"},"primaryImageOfPage":{"@id":"https:\/\/ortodonciabarcelona.com\/blog\/dr-fernando-de-la-iglesia\/#primaryimage"},"image":{"@id":"https:\/\/ortodonciabarcelona.com\/blog\/dr-fernando-de-la-iglesia\/#primaryimage"},"thumbnailUrl":"https:\/\/www.ortodonciabarcelona.com\/blog-profesional\/wp-content\/uploads\/2019\/01\/ortodoncia-tres-dr-torres-barcelona-fernando-de-la-iglesia.jpg","datePublished":"2018-11-29T11:15:16+00:00","dateModified":"2023-05-15T10:41:31+00:00","description":"El Dr. Fernando de la Iglesia Beyme es socio fundador de Ortodoncia Tres Torres, licenciado y Doctor en Odontolog\u00eda y M\u00e1ster en Ortodoncia","breadcrumb":{"@id":"https:\/\/ortodonciabarcelona.com\/blog\/dr-fernando-de-la-iglesia\/#breadcrumb"},"inLanguage":"es","potentialAction":[{"@type":"ReadAction","target":["https:\/\/ortodonciabarcelona.com\/blog\/dr-fernando-de-la-iglesia\/"]}]},{"@type":"ImageObject","inLanguage":"es","@id":"https:\/\/ortodonciabarcelona.com\/blog\/dr-fernando-de-la-iglesia\/#primaryimage","url":"https:\/\/www.ortodonciabarcelona.com\/blog-profesional\/wp-content\/uploads\/2019\/01\/ortodoncia-tres-dr-torres-barcelona-fernando-de-la-iglesia.jpg","contentUrl":"https:\/\/www.ortodonciabarcelona.com\/blog-profesional\/wp-content\/uploads\/2019\/01\/ortodoncia-tres-dr-torres-barcelona-fernando-de-la-iglesia.jpg"},{"@type":"BreadcrumbList","@id":"https:\/\/ortodonciabarcelona.com\/blog\/dr-fernando-de-la-iglesia\/#breadcrumb","itemListElement":[{"@type":"ListItem","position":1,"name":"Portada","item":"https:\/\/ortodonciabarcelona.com\/blog\/element_category\/columns\/"},{"@type":"ListItem","position":2,"name":"Dr. Fernando de la Iglesia"}]},{"@type":"WebSite","@id":"https:\/\/ortodonciabarcelona.com\/blog\/#website","url":"https:\/\/ortodonciabarcelona.com\/blog\/","name":"Blog de Ortodoncia Tres Torres","description":"Blog sobre ortodoncia","publisher":{"@id":"https:\/\/ortodonciabarcelona.com\/blog\/#organization"},"potentialAction":[{"@type":"SearchAction","target":{"@type":"EntryPoint","urlTemplate":"https:\/\/ortodonciabarcelona.com\/blog\/?s={search_term_string}"},"query-input":{"@type":"PropertyValueSpecification","valueRequired":true,"valueName":"search_term_string"}}],"inLanguage":"es"},{"@type":"Organization","@id":"https:\/\/ortodonciabarcelona.com\/blog\/#organization","name":"Blog de Ortodoncia Tres Torres","url":"https:\/\/ortodonciabarcelona.com\/blog\/","logo":{"@type":"ImageObject","inLanguage":"es","@id":"https:\/\/ortodonciabarcelona.com\/blog\/#\/schema\/logo\/image\/","url":"https:\/\/ortodonciabarcelona.com\/blog\/wp-content\/uploads\/2023\/04\/logotipo-sonrisas_blog-corp.png","contentUrl":"https:\/\/ortodonciabarcelona.com\/blog\/wp-content\/uploads\/2023\/04\/logotipo-sonrisas_blog-corp.png","width":237,"height":283,"caption":"Blog de Ortodoncia Tres Torres"},"image":{"@id":"https:\/\/ortodonciabarcelona.com\/blog\/#\/schema\/logo\/image\/"}},{"@type":"Person","@id":"https:\/\/ortodonciabarcelona.com\/blog\/#\/schema\/person\/694dce2a6f2539dbf05376fb43582751","name":"Dr Fernando de la Iglesia","image":{"@type":"ImageObject","inLanguage":"es","@id":"https:\/\/secure.gravatar.com\/avatar\/f556ae41fc83133c68363d54ff867b2e07ec9c9632768f5aa68fda5a3ea4abe8?s=96&d=blank&r=g","url":"https:\/\/secure.gravatar.com\/avatar\/f556ae41fc83133c68363d54ff867b2e07ec9c9632768f5aa68fda5a3ea4abe8?s=96&d=blank&r=g","contentUrl":"https:\/\/secure.gravatar.com\/avatar\/f556ae41fc83133c68363d54ff867b2e07ec9c9632768f5aa68fda5a3ea4abe8?s=96&d=blank&r=g","caption":"Dr Fernando de la Iglesia"},"description":"Licenciado en Odontolog\u00eda por la Universidad de Barcelona. M\u00e1ster y Doctor en Ortodoncia por la Universidad Internacional de Catalu\u00f1a. Miembro de la Sociedad Espa\u00f1ola de Ortodoncia (SEDO).","sameAs":["https:\/\/ortodonciabarcelona.com\/blog\/dr-fernando-de-la-iglesia\/"]}]}},"_links":{"self":[{"href":"https:\/\/ortodonciabarcelona.com\/blog\/wp-json\/wp\/v2\/pages\/7189","targetHints":{"allow":["GET"]}}],"collection":[{"href":"https:\/\/ortodonciabarcelona.com\/blog\/wp-json\/wp\/v2\/pages"}],"about":[{"href":"https:\/\/ortodonciabarcelona.com\/blog\/wp-json\/wp\/v2\/types\/page"}],"author":[{"embeddable":true,"href":"https:\/\/ortodonciabarcelona.com\/blog\/wp-json\/wp\/v2\/users\/3"}],"replies":[{"embeddable":true,"href":"https:\/\/ortodonciabarcelona.com\/blog\/wp-json\/wp\/v2\/comments?post=7189"}],"version-history":[{"count":31,"href":"https:\/\/ortodonciabarcelona.com\/blog\/wp-json\/wp\/v2\/pages\/7189\/revisions"}],"predecessor-version":[{"id":7192,"href":"https:\/\/ortodonciabarcelona.com\/blog\/wp-json\/wp\/v2\/pages\/7189\/revisions\/7192"}],"wp:attachment":[{"href":"https:\/\/ortodonciabarcelona.com\/blog\/wp-json\/wp\/v2\/media?parent=7189"}],"curies":[{"name":"wp","href":"https:\/\/api.w.org\/{rel}","templated":true}]}}